{"id":7,"date":"2017-06-03T16:32:26","date_gmt":"2017-06-03T16:32:26","guid":{"rendered":"http:\/\/www.flatensbangolf.se\/?page_id=7"},"modified":"2025-07-21T07:41:21","modified_gmt":"2025-07-21T07:41:21","slug":"flatensbangolf-se","status":"publish","type":"page","link":"https:\/\/www.flatensbangolf.se\/","title":{"rendered":"Flatensbangolf.se"},"content":{"rendered":"<p><a href=\"http:\/\/www.flatensbangolf.se\/wp-content\/uploads\/2017\/05\/flaten.jpg\"><img loading=\"lazy\" decoding=\"async\" class=\"wp-image-21 alignleft\" src=\"http:\/\/www.flatensbangolf.se\/wp-content\/uploads\/2017\/05\/flaten-300x225.jpg\" alt=\"flaten\" width=\"606\" height=\"455\" srcset=\"https:\/\/www.flatensbangolf.se\/wp-content\/uploads\/2017\/05\/flaten-300x225.jpg 300w, https:\/\/www.flatensbangolf.se\/wp-content\/uploads\/2017\/05\/flaten-768x576.jpg 768w, https:\/\/www.flatensbangolf.se\/wp-content\/uploads\/2017\/05\/flaten-1024x768.jpg 1024w\" sizes=\"auto, (max-width: 606px) 100vw, 606px\" \/><\/a><\/p>\n<p><strong>\u00a0<\/strong><\/p>\n<p>Hej<\/p>\n<p>NU har vi \u00f6ppnat<\/p>\n<p>allaa dagar<\/p>\n<p>1100-2000<\/p>\n<p>&nbsp;<\/p>\n<p>Vid d\u00e5ligt v\u00e4der ring f\u00f6rst.<\/p>\n<p>tele: <strong>08-7730370<\/strong><\/p>\n<p><strong>Info@flatensbangolf.se<\/strong><\/p>\n","protected":false},"excerpt":{"rendered":"<p>\u00a0 Hej NU har vi \u00f6ppnat allaa dagar 1100-2000 &nbsp; Vid d\u00e5ligt v\u00e4der ring f\u00f6rst. tele: 08-7730370 Info@flatensbangolf.se<\/p>\n","protected":false},"author":1,"featured_media":0,"parent":0,"menu_order":0,"comment_status":"closed","ping_status":"closed","template":"","meta":{"footnotes":""},"class_list":["post-7","page","type-page","status-publish","hentry"],"_links":{"self":[{"href":"https:\/\/www.flatensbangolf.se\/index.php?rest_route=\/wp\/v2\/pages\/7","targetHints":{"allow":["GET"]}}],"collection":[{"href":"https:\/\/www.flatensbangolf.se\/index.php?rest_route=\/wp\/v2\/pages"}],"about":[{"href":"https:\/\/www.flatensbangolf.se\/index.php?rest_route=\/wp\/v2\/types\/page"}],"author":[{"embeddable":true,"href":"https:\/\/www.flatensbangolf.se\/index.php?rest_route=\/wp\/v2\/users\/1"}],"replies":[{"embeddable":true,"href":"https:\/\/www.flatensbangolf.se\/index.php?rest_route=%2Fwp%2Fv2%2Fcomments&post=7"}],"version-history":[{"count":33,"href":"https:\/\/www.flatensbangolf.se\/index.php?rest_route=\/wp\/v2\/pages\/7\/revisions"}],"predecessor-version":[{"id":74,"href":"https:\/\/www.flatensbangolf.se\/index.php?rest_route=\/wp\/v2\/pages\/7\/revisions\/74"}],"wp:attachment":[{"href":"https:\/\/www.flatensbangolf.se\/index.php?rest_route=%2Fwp%2Fv2%2Fmedia&parent=7"}],"curies":[{"name":"wp","href":"https:\/\/api.w.org\/{rel}","templated":true}]}}